{"id":2,"date":"2016-05-10T03:48:21","date_gmt":"2016-05-10T03:48:21","guid":{"rendered":"http:\/\/core-vital.de\/?page_id=2"},"modified":"2025-01-01T11:25:57","modified_gmt":"2025-01-01T11:25:57","slug":"sample-page","status":"publish","type":"page","link":"https:\/\/core-vital.de\/?page_id=2","title":{"rendered":"Datenschutz"},"content":{"rendered":"\t\t<div data-elementor-type=\"wp-page\" data-elementor-id=\"2\" class=\"elementor elementor-2\" data-elementor-post-type=\"page\">\n\t\t\t\t<div class=\"elementor-element elementor-element-2ee28e5 e-flex e-con-boxed e-con e-parent\" data-id=\"2ee28e5\" data-element_type=\"container\">\n\t\t\t\t\t<div class=\"e-con-inner\">\n\t\t<div class=\"elementor-element elementor-element-c320048 e-con-full e-flex e-con e-child\" data-id=\"c320048\" data-element_type=\"container\">\n\t\t\t\t<div class=\"elementor-element elementor-element-b756860 elementor-widget elementor-widget-heading\" data-id=\"b756860\" data-element_type=\"widget\" data-widget_type=\"heading.default\">\n\t\t\t\t<div class=\"elementor-widget-container\">\n\t\t\t\t\t<h2 class=\"elementor-heading-title elementor-size-default\">Datenschutzhinweise<\/h2>\t\t\t\t<\/div>\n\t\t\t\t<\/div>\n\t\t\t\t<div class=\"elementor-element elementor-element-382c78a elementor-widget elementor-widget-text-editor\" data-id=\"382c78a\" data-element_type=\"widget\" data-widget_type=\"text-editor.default\">\n\t\t\t\t<div class=\"elementor-widget-container\">\n\t\t\t\t\t\t\t\t\t<p>\u00a0Verantwortlicher im Sinne der Datenschutzgesetze, insbesondere der EU-Datenschutzgrundverordnung (DSGVO), ist:<\/p><div class=\"elementor-element elementor-element-5fb08079 elementor-widget elementor-widget-text-editor\" data-id=\"5fb08079\" data-element_type=\"widget\" data-widget_type=\"text-editor.default\"><div class=\"elementor-widget-container\"><p>Svea Schroeder,\u00a0L\u00fctte Weg 8,\u00a024997 Wanderup<br \/>Telefon: 04606 \u2013 379 0 118,\u00a0Mobil: 0174 \u2013 244 644 1,\u00a0<a href=\"mailto:info@pivaka-yoga.de\">info@pivaka-yoga.de<\/a><\/p><h2>Ihre Betroffenenrechte<\/h2><p>Unter den angegebenen Kontaktdaten unseres Datenschutzbeauftragten k\u00f6nnen Sie jederzeit folgende Rechte aus\u00fcben:<\/p><ul><li>Auskunft \u00fcber Ihre bei uns gespeicherten Daten und deren Verarbeitung (Art. 15 DSGVO),<\/li><li>Berichtigung unrichtiger personenbezogener Daten (Art. 16 DSGVO),<\/li><li>L\u00f6schung Ihrer bei uns gespeicherten Daten (Art. 17 DSGVO),<\/li><li>Einschr\u00e4nkung der Datenverarbeitung, sofern wir Ihre Daten aufgrund gesetzlicher Pflichten noch nicht l\u00f6schen d\u00fcrfen (Art. 18 DSGVO),<\/li><li>Widerspruch gegen die Verarbeitung Ihrer Daten bei uns (Art. 21 DSGVO) und<\/li><li>Daten\u00fcbertragbarkeit, sofern Sie in die Datenverarbeitung eingewilligt haben oder einen Vertrag mit uns abgeschlossen haben (Art. 20 DSGVO).<\/li><\/ul><p>Sofern Sie uns eine Einwilligung erteilt haben, k\u00f6nnen Sie diese jederzeit mit Wirkung f\u00fcr die Zukunft widerrufen.<\/p><p>Sie k\u00f6nnen sich jederzeit mit einer Beschwerde an eine Aufsichtsbeh\u00f6rde wenden, z. B. an die zust\u00e4ndige Aufsichtsbeh\u00f6rde des Bundeslands Ihres Wohnsitzes oder an die f\u00fcr uns als verantwortliche Stelle zust\u00e4ndige Beh\u00f6rde.<\/p><p>Eine Liste der Aufsichtsbeh\u00f6rden (f\u00fcr den nicht\u00f6ffentlichen Bereich) mit Anschrift finden Sie unter: <a href=\"https:\/\/www.bfdi.bund.de\/DE\/Infothek\/Anschriften_Links\/anschriften_links-node.html\" target=\"_blank\" rel=\"nofollow noopener\">https:\/\/www.bfdi.bund.de\/DE\/Infothek\/Anschriften_Links\/anschriften_links-node.html<\/a>.<\/p><h2>Erfassung allgemeiner Informationen beim Besuch unserer Website<\/h2><h3>Art und Zweck der Verarbeitung:<\/h3><p>Wenn Sie auf unsere Website zugreifen, d.h., wenn Sie sich nicht registrieren oder anderweitig Informationen \u00fcbermitteln, werden automatisch Informationen allgemeiner Natur erfasst. Diese Informationen (Server-Logfiles) beinhalten etwa die Art des Webbrowsers, das verwendete Betriebssystem, den Domainnamen Ihres Internet-Service-Providers, Ihre IP-Adresse und \u00e4hnliches.<\/p><p>Sie werden insbesondere zu folgenden Zwecken verarbeitet:<\/p><ul><li>Sicherstellung eines problemlosen Verbindungsaufbaus der Website,<\/li><li>Sicherstellung einer reibungslosen Nutzung unserer Website,<\/li><li>Auswertung der Systemsicherheit und -stabilit\u00e4t sowie<\/li><li>zu weiteren administrativen Zwecken.<\/li><\/ul><p>Wir verwenden Ihre Daten nicht, um R\u00fcckschl\u00fcsse auf Ihre Person zu ziehen. Informationen dieser Art werden von uns ggfs. statistisch ausgewertet, um unseren Internetauftritt und die dahinterstehende Technik zu optimieren.<\/p><h3>Rechtsgrundlage:<\/h3><p>Die Verarbeitung erfolgt gem\u00e4\u00df Art. 6 Abs. 1 lit. f DSGVO auf Basis unseres berechtigten Interesses an der Verbesserung der Stabilit\u00e4t und Funktionalit\u00e4t unserer Website.<\/p><h3>Empf\u00e4nger:<\/h3><p>Empf\u00e4nger der Daten sind ggf. technische Dienstleister, die f\u00fcr den Betrieb und die Wartung unserer Webseite als Auftragsverarbeiter t\u00e4tig werden.<\/p><h3>Speicherdauer:<\/h3><p>Die Daten werden gel\u00f6scht, sobald diese f\u00fcr den Zweck der Erhebung nicht mehr erforderlich sind. Dies ist f\u00fcr die Daten, die der Bereitstellung der Webseite dienen, grunds\u00e4tzlich der Fall, wenn die jeweilige Sitzung beendet ist.<\/p><h3>Bereitstellung vorgeschrieben oder erforderlich:<\/h3><p>Die Bereitstellung der vorgenannten personenbezogenen Daten ist weder gesetzlich noch vertraglich vorgeschrieben. Ohne die IP-Adresse ist jedoch der Dienst und die Funktionsf\u00e4higkeit unserer Website nicht gew\u00e4hrleistet. Zudem k\u00f6nnen einzelne Dienste und Services nicht verf\u00fcgbar oder eingeschr\u00e4nkt sein. Aus diesem Grund ist ein Widerspruch ausgeschlossen.<\/p><h2>Newsletter<\/h2><h3>Art und Zweck der Verarbeitung:<\/h3><p>Ihre Daten werden ausschlie\u00dflich dazu verwendet, Ihnen den abonnierten Newsletter per E-Mail zuzustellen. Die Angabe Ihres Namens erfolgt, um Sie im Newsletter pers\u00f6nlich ansprechen zu k\u00f6nnen und ggf. zu identifizieren, falls Sie von Ihren Rechten als Betroffener Gebrauch machen wollen.<\/p><p>F\u00fcr den Empfang des Newsletters ist die Angabe Ihrer E-Mail-Adresse ausreichend. Bei der Anmeldung zum Bezug unseres Newsletters werden die von Ihnen angegebenen Daten ausschlie\u00dflich f\u00fcr diesen Zweck verwendet. Abonnenten k\u00f6nnen auch \u00fcber Umst\u00e4nde per E-Mail informiert werden, die f\u00fcr den Dienst oder die Registrierung relevant sind (bspw. \u00c4nderungen des Newsletterangebots oder technische Gegebenheiten).<\/p><p>F\u00fcr eine wirksame Registrierung ben\u00f6tigen wir eine valide E-Mail-Adresse. Um zu \u00fcberpr\u00fcfen, dass eine Anmeldung tats\u00e4chlich durch den Inhaber einer E-Mail-Adresse erfolgt, setzen wir das \u201eDouble-opt-in\u201c-Verfahren ein. Hierzu protokollieren wir die Bestellung des Newsletters, den Versand einer Best\u00e4tigungsmail und den Eingang der hiermit angeforderten Antwort. Weitere Daten werden nicht erhoben. Die Daten werden ausschlie\u00dflich f\u00fcr den Newsletterversand verwendet und nicht an Dritte weitergegeben.<\/p><h3>Rechtsgrundlage:<\/h3><p>Auf Grundlage Ihrer ausdr\u00fccklich erteilten Einwilligung (Art. 6 Abs. 1 lit. a DSGVO), \u00fcbersenden wir Ihnen regelm\u00e4\u00dfig unseren Newsletter bzw. vergleichbare Informationen per E-Mail an Ihre angegebene E-Mail-Adresse.<\/p><p>Die Einwilligung zur Speicherung Ihrer pers\u00f6nlichen Daten und ihrer Nutzung f\u00fcr den Newsletterversand k\u00f6nnen Sie jederzeit mit Wirkung f\u00fcr die Zukunft widerrufen. In jedem Newsletter findet sich dazu ein entsprechender Link. Au\u00dferdem k\u00f6nnen Sie sich jederzeit auch direkt auf dieser Website abmelden oder uns Ihren Widerruf \u00fcber die am Ende dieser Datenschutzhinweise angegebene Kontaktm\u00f6glichkeit mitteilen.<\/p><h3>Empf\u00e4nger:<\/h3><p>Empf\u00e4nger der Daten sind ggf. Auftragsverarbeiter.<\/p><h3>Speicherdauer:<\/h3><p>Die Daten werden in diesem Zusammenhang nur verarbeitet, solange die entsprechende Einwilligung vorliegt. Danach werden sie gel\u00f6scht.<\/p><h3>Bereitstellung vorgeschrieben oder erforderlich:<\/h3><p>Die Bereitstellung Ihrer personenbezogenen Daten erfolgt freiwillig, allein auf Basis Ihrer Einwilligung. Ohne bestehende Einwilligung k\u00f6nnen wir Ihnen unseren Newsletter leider nicht zusenden.<\/p><h2>Kontaktformular<\/h2><h3>Art und Zweck der Verarbeitung:<\/h3><p>Die von Ihnen eingegebenen Daten werden zum Zweck der individuellen Kommunikation mit Ihnen gespeichert. Hierf\u00fcr ist die Angabe einer validen E-Mail-Adresse sowie Ihres Namens erforderlich. Diese dient der Zuordnung der Anfrage und der anschlie\u00dfenden Beantwortung derselben. Die Angabe weiterer Daten ist optional.<\/p><h3>Rechtsgrundlage:<\/h3><p>Die Verarbeitung der in das Kontaktformular eingegebenen Daten erfolgt auf der Grundlage eines berechtigten Interesses (Art. 6 Abs. 1 lit. f DSGVO).<\/p><p>Durch Bereitstellung des Kontaktformulars m\u00f6chten wir Ihnen eine unkomplizierte Kontaktaufnahme erm\u00f6glichen. Ihre gemachten Angaben werden zum Zwecke der Bearbeitung der Anfrage sowie f\u00fcr m\u00f6gliche Anschlussfragen gespeichert.<\/p><p>Sofern Sie mit uns Kontakt aufnehmen, um ein Angebot zu erfragen, erfolgt die Verarbeitung der in das Kontaktformular eingegebenen Daten zur Durchf\u00fchrung vorvertraglicher Ma\u00dfnahmen (Art. 6 Abs. 1 lit. b DSGVO).<\/p><h3>Empf\u00e4nger:<\/h3><p>Empf\u00e4nger der Daten sind ggf. Auftragsverarbeiter.<\/p><h3>Speicherdauer:<\/h3><p>Daten werden sp\u00e4testens 6 Monate nach Bearbeitung der Anfrage gel\u00f6scht.<\/p><p>Sofern es zu einem Vertragsverh\u00e4ltnis kommt, unterliegen wir den gesetzlichen Aufbewahrungsfristen nach HGB und l\u00f6schen Ihre Daten nach Ablauf dieser Fristen.<\/p><h3>Bereitstellung vorgeschrieben oder erforderlich:<\/h3><p>Die Bereitstellung Ihrer personenbezogenen Daten erfolgt freiwillig. Wir k\u00f6nnen Ihre Anfrage jedoch nur bearbeiten, sofern Sie uns Ihren Namen, Ihre E-Mail-Adresse und den Grund der Anfrage mitteilen.<\/p><h2>Verwendung von Scriptbibliotheken (Google Webfonts)<\/h2><h3>Art und Zweck der Verarbeitung:<\/h3><p>Um unsere Inhalte browser\u00fcbergreifend korrekt und grafisch ansprechend darzustellen, verwenden wir auf dieser Website \u201eGoogle Web Fonts\u201c der Google LLC (1600 Amphitheatre Parkway, Mountain View, CA 94043, USA; nachfolgend \u201eGoogle\u201c) zur Darstellung von Schriften.<\/p><p>Die Datenschutzrichtlinie des Bibliothekbetreibers Google finden Sie hier: <a href=\"https:\/\/www.google.com\/policies\/privacy\/\">https:\/\/www.google.com\/policies\/privacy\/<\/a><\/p><h3>Rechtsgrundlage:<\/h3><p>Rechtsgrundlage f\u00fcr die Einbindung von Google Webfonts und dem damit verbundenen Datentransfer zu Google ist Ihre Einwilligung (Art. 6 Abs. 1 lit. a DSGVO).<\/p><h3>Empf\u00e4nger:<\/h3><p>Der Aufruf von Scriptbibliotheken oder Schriftbibliotheken l\u00f6st automatisch eine Verbindung zum Betreiber der Bibliothek aus. Dabei ist es theoretisch m\u00f6glich \u2013 aktuell allerdings auch unklar ob und ggf. zu welchen Zwecken \u2013 dass der Betreiber in diesem Fall Google Daten erhebt.<\/p><h3>Speicherdauer:<\/h3><p>Wir erheben keine personenbezogenen Daten, durch die Einbindung von Google Webfonts.<\/p><p>Weitere Informationen zu Google Web Fonts finden Sie unter <a href=\"https:\/\/developers.google.com\/fonts\/faq\">https:\/\/developers.google.com\/fonts\/faq<\/a> und in der Datenschutzerkl\u00e4rung von Google: <a href=\"https:\/\/www.google.com\/policies\/privacy\/\">https:\/\/www.google.com\/policies\/privacy\/<\/a>.<\/p><h3>Drittlandtransfer:<\/h3><p>Google verarbeitet Ihre Daten in den USA und hat sich dem EU_US Privacy Shield unterworfen <a href=\"https:\/\/www.privacyshield.gov\/EU-US-Framework\">https:\/\/www.privacyshield.gov\/EU-US-Framework<\/a>.<\/p><h3>Bereitstellung vorgeschrieben oder erforderlich:<\/h3><p>Die Bereitstellung der personenbezogenen Daten ist weder gesetzlich, noch vertraglich vorgeschrieben. Allerdings kann ggfs. die korrekte Darstellung der Inhalte durch Standardschriften nicht m\u00f6glich sein.<\/p><h3>Widerruf der Einwilligung:<\/h3><p>Zur Darstellung der Inhalte wird regelm\u00e4\u00dfig die Programmiersprache JavaScript verwendet. Sie k\u00f6nnen der Datenverarbeitung daher widersprechen, indem Sie die Ausf\u00fchrung von JavaScript in Ihrem Browser deaktivieren oder einen JavaScript-Blocker installieren. Bitte beachten Sie, dass es hierdurch zu Funktionseinschr\u00e4nkungen auf der Website kommen kann.<\/p><h2>Verwendung von Google Maps<\/h2><h3>Art und Zweck der Verarbeitung:<\/h3><p>Auf dieser Webseite nutzen wir das Angebot von Google Maps. Google Maps wird von Google LLC, 1600 Amphitheatre Parkway, Mountain View, CA 94043, USA (nachfolgend \u201eGoogle\u201c) betrieben. Dadurch k\u00f6nnen wir Ihnen interaktive Karten direkt in der Webseite anzeigen und erm\u00f6glichen Ihnen die komfortable Nutzung der Karten-Funktion.<\/p><p>N\u00e4here Informationen \u00fcber die Datenverarbeitung durch Google k\u00f6nnen Sie <a href=\"http:\/\/www.google.com\/privacypolicy.html\">den Google-Datenschutzhinweisen<\/a>entnehmen. Dort k\u00f6nnen Sie im Datenschutzcenter auch Ihre pers\u00f6nlichen Datenschutz-Einstellungen ver\u00e4ndern.<\/p><p>Ausf\u00fchrliche Anleitungen zur Verwaltung der eigenen Daten im Zusammenhang mit Google-Produkten<a href=\"http:\/\/www.dataliberation.org\/\"> finden Sie hier<\/a>.<\/p><h3>Rechtsgrundlage:<\/h3><p>Rechtsgrundlage f\u00fcr die Einbindung von Google Maps und dem damit verbundenen Datentransfer zu Google ist Ihre Einwilligung (Art. 6 Abs. 1 lit. a DSGVO).<\/p><h3>Empf\u00e4nger:<\/h3><p>Durch den Besuch der Webseite erh\u00e4lt Google Informationen, dass Sie die entsprechende Unterseite unserer Webseite aufgerufen haben. Dies erfolgt unabh\u00e4ngig davon, ob Google ein Nutzerkonto bereitstellt, \u00fcber das Sie eingeloggt sind, oder ob keine Nutzerkonto besteht. Wenn Sie bei Google eingeloggt sind, werden Ihre Daten direkt Ihrem Konto zugeordnet.<\/p><p>Wenn Sie die Zuordnung in Ihrem Profil bei Google nicht w\u00fcnschen, m\u00fcssen Sie sich vor Aktivierung des Buttons bei Google ausloggen. Google speichert Ihre Daten als Nutzungsprofile und nutzt sie f\u00fcr Zwecke der Werbung, Marktforschung und\/oder bedarfsgerechter Gestaltung seiner Webseite. Eine solche Auswertung erfolgt insbesondere (selbst f\u00fcr nicht eingeloggte Nutzer) zur Erbringung bedarfsgerechter Werbung und um andere Nutzer des sozialen Netzwerks \u00fcber Ihre Aktivit\u00e4ten auf unserer Webseite zu informieren. Ihnen steht ein Widerspruchsrecht zu gegen die Bildung dieser Nutzerprofile, wobei Sie sich zur Aus\u00fcbung dessen an Google richten m\u00fcssen.<\/p><h3>Speicherdauer:<\/h3><p>Wir erheben keine personenbezogenen Daten, durch die Einbindung von Google Maps.<\/p><h3>Drittlandtransfer:<\/h3><p>Google verarbeitet Ihre Daten in den USA und hat sich dem EU_US Privacy Shield unterworfen <a href=\"https:\/\/www.privacyshield.gov\/EU-US-Framework\">https:\/\/www.privacyshield.gov\/EU-US-Framework<\/a>.<\/p><h3>Widerruf der Einwilligung:<\/h3><p>Wenn Sie nicht m\u00f6chten, dass Google \u00fcber unseren Internetauftritt Daten \u00fcber Sie erhebt, verarbeitet oder nutzt, k\u00f6nnen Sie in Ihrem Browsereinstellungen JavaScript deaktivieren. In diesem Fall k\u00f6nnen Sie unsere Webseite jedoch nicht oder nur eingeschr\u00e4nkt nutzen.<\/p><h3>Bereitstellung vorgeschrieben oder erforderlich:<\/h3><p>Die Bereitstellung Ihrer personenbezogenen Daten erfolgt freiwillig, allein auf Basis Ihrer Einwilligung. Sofern Sie den Zugriff unterbinden, kann es hierdurch zu Funktionseinschr\u00e4nkungen auf der Website kommen.<\/p><h2>SSL-Verschl\u00fcsselung<\/h2><p>Um die Sicherheit Ihrer Daten bei der \u00dcbertragung zu sch\u00fctzen, verwenden wir dem aktuellen Stand der Technik entsprechende Verschl\u00fcsselungsverfahren (z. B. SSL) \u00fcber HTTPS.<\/p><h2>\u00c4nderung unserer Datenschutzbestimmungen<\/h2><p>Wir behalten uns vor, diese Datenschutzerkl\u00e4rung anzupassen, damit sie stets den aktuellen rechtlichen Anforderungen entspricht oder um \u00c4nderungen unserer Leistungen in der Datenschutzerkl\u00e4rung umzusetzen, z.B. bei der Einf\u00fchrung neuer Services. F\u00fcr Ihren erneuten Besuch gilt dann die neue Datenschutzerkl\u00e4rung.<\/p><h2>Fragen an den Datenschutzbeauftragten<\/h2><p>Wenn Sie Fragen zum Datenschutz haben, schreiben Sie uns bitte eine E-Mail oder wenden Sie sich direkt an die f\u00fcr den Datenschutz verantwortliche Person in unserer Organisation; s. oben.<\/p><p><em>Die Datenschutzerkl\u00e4rung wurde mithilfe der activeMind AG erstellt, den Experten f\u00fcr <a href=\"https:\/\/www.activemind.de\/datenschutz\/datenschutzhinweis-generator\/\" target=\"_blank\" rel=\"noopener\">externe Datenschutzbeauftragte<\/a>.<\/em><\/p><\/div><\/div><p><em>.<\/em><\/p>\t\t\t\t\t\t\t\t<\/div>\n\t\t\t\t<\/div>\n\t\t\t\t<\/div>\n\t\t<div class=\"elementor-element elementor-element-90d3302 e-con-full e-flex e-con e-child\" data-id=\"90d3302\" data-element_type=\"container\">\n\t\t\t\t<div class=\"elementor-element elementor-element-1615756 elementor-widget elementor-widget-heading\" data-id=\"1615756\" data-element_type=\"widget\" data-widget_type=\"heading.default\">\n\t\t\t\t<div class=\"elementor-widget-container\">\n\t\t\t\t\t<h2 class=\"elementor-heading-title elementor-size-default\">Allgemeine Gesch\u00e4ftsbedingungen (AGB)<\/h2>\t\t\t\t<\/div>\n\t\t\t\t<\/div>\n\t\t\t\t<div class=\"elementor-element elementor-element-924288c elementor-widget__width-inherit elementor-widget elementor-widget-text-editor\" data-id=\"924288c\" data-element_type=\"widget\" data-widget_type=\"text-editor.default\">\n\t\t\t\t<div class=\"elementor-widget-container\">\n\t\t\t\t\t\t\t\t\t<p>Die AGB werden mit der Anmeldung und automatisch mit jeder Teilnahme am Unterricht akzeptiert.<\/p><h3>Unterrichtszeiten:<\/h3><p>Der Unterricht findet individuell als in 60-, 75- oder 90min Einheit und in den meisten Kursen ab einer Mindestteilnehmeranzahl von 4 Personen statt.<\/p><p>An gesetzlichen Feiertagen, zwischen Weihnachten und Silvester findet bis auf Widerruf kein Unterricht statt.<\/p><p>Ich behalte mir vor, mein Kursangebot bzw. die \u00d6ffnungszeiten in zumutbarer Weise zu \u00e4ndern bzw. der Nachfrage der Teilnehmer sowie der Verf\u00fcgbarkeit von Kursleitern anzupassen<\/p><p>Im Krankheitsfall der Kursleiterin besteht kein Anspruch auf die Unterrichtseinheiten.<\/p><p>Die dadurch vers\u00e4umten Unterrichtsstunden k\u00f6nnen jedoch nach Absprache in einem anderen Kurs nachgeholt werden. Eine Erstattung der Kursgeb\u00fchr erfolgt i.d. R. nur, wenn der Ersatztermin aus nachweisbaren Gr\u00fcnden nicht wahrgenommen werden kann.<\/p><h3>Anmeldung:<\/h3><p>Die Anmeldung kann m\u00fcndlich oder schriftlich erfolgen. Ich bem\u00fche mich darum, rechtzeitig eine Anmeldebest\u00e4tigung per E-Mail zu versenden.<\/p><p>Bitte beachte, dass eine Anmeldung beiderseits verbindlich ist. Das hei\u00dft, dass du ein Anrecht auf deinen Platz, ich ein Anrecht auf den f\u00e4lligen Rechnungsbetrag habe<\/p><p>F\u00fcr w\u00f6chentliche Kurse \/Einzeleinheiten gilt: Erfolgt keine Stornierung bis 12 Stunden vor Kursbeginn, ist die Anmeldung best\u00e4tigt und die Kursgeb\u00fchr wird f\u00e4llig.<\/p><h3>K\u00fcndigung\/Stornierung von gebuchten Mehrfachkursen, Workshops, Anwendungen oder Beratungsterminen<\/h3><p>Die K\u00fcndigung kann unter Einhaltung der vereinbarten Frist von beiden Vertragsparteien ausgesprochen werden. Sie muss schriftlich erfolgen.<\/p><p>Bitte beachte, dass eine Anmeldung beiderseits verbindlich ist. Das hei\u00dft, dass du ein Anrecht auf deinen Platz, ich ein Anrecht auf den f\u00e4lligen Rechnungsbetrag habe.<\/p><p>Eine kostenfreie Stornierung ist bis 1 Woche vor gebuchten Termin abz\u00fcglich 5 \u20ac Bearbeitungsgeb\u00fchr m\u00f6glich. Bei einer Stornierung danach bis 3 Tage vor Kurstag erstatte ich dir 50% der gebuchten Leistungen. Bei einer Stornierung ab 2 Tage vor Kurs-Start ist eine Erstattung leider nicht mehr m\u00f6glich.<\/p><p>Solltest du einen Ersatzteilnehmer f\u00fcr deinen Platz finden, entf\u00e4llt in der Regel f\u00fcr alle gebuchten Leistungen die Stornogeb\u00fchr.<\/p><p><u>Die Stornierungsbedingungen f\u00fcr <strong>RETREATS<\/strong> werden separat im auszuf\u00fcllenden Anmeldeformular (vor finaler Buchung) bekannt gegeben.<\/u><\/p><h3>Haftung:<\/h3><p>Der Yogaunterricht wird nach bestem Wissen und Gewissen durchgef\u00fchrt. Ob die Teilnahme an den Yogakursen mit der jeweiligen k\u00f6rperlichen und psychischen Verfassung vereinbar ist, hat jede\/r Teilnehmer\/in in eigener Verantwortung selbst zu entscheiden. Die vorherige Einbeziehung eines \u00e4rztlichen Rates wird empfohlen.<\/p><p>Der Yogaunterricht ersetzt keine Therapie und ist deshalb f\u00fcr Personen mit akuten und psychischen St\u00f6rungen nicht geeignet.<\/p><p>Jede\/r Teilnehmer\/in versichert mit der Anmeldung, die Verantwortung f\u00fcr sein\/ihr Tun selbst zu \u00fcbernehmen.<\/p><p>\u00a0<\/p><p><strong>Bitte setze die Kursleitung im eigenen Interesse \u00fcber bestehende Krankheiten, Beschwerden oder eine Schwangerschaft in Kenntnis.<\/strong><\/p><p>Es wird keine Haftung f\u00fcr Verletzungen und Sch\u00e4digungen irgendwelcher Art \u00fcbernommen.<\/p><p>Eine Haftung f\u00fcr Sach- und Wertgegenst\u00e4nde wird ebenfalls nicht \u00fcbernommen.<\/p>\t\t\t\t\t\t\t\t<\/div>\n\t\t\t\t<\/div>\n\t\t\t\t<\/div>\n\t\t\t\t\t<\/div>\n\t\t\t\t<\/div>\n\t\t\t\t<\/div>\n\t\t","protected":false},"excerpt":{"rendered":"<p>Datenschutzhinweise \u00a0Verantwortlicher im Sinne der Datenschutzgesetze, insbesondere der EU-Datenschutzgrundverordnung (DSGVO), ist: Svea Schroeder,\u00a0L\u00fctte Weg 8,\u00a024997 WanderupTelefon: 04606 \u2013 379 0 118,\u00a0Mobil: 0174 \u2013 244 644 1,\u00a0info@pivaka-yoga.de Ihre Betroffenenrechte Unter den angegebenen Kontaktdaten unseres Datenschutzbeauftragten k\u00f6nnen Sie jederzeit folgende Rechte aus\u00fcben: Auskunft \u00fcber Ihre bei uns gespeicherten Daten und deren Verarbeitung (Art. 15 DSGVO), Berichtigung unrichtiger [&hellip;]<\/p>\n","protected":false},"author":1,"featured_media":0,"parent":0,"menu_order":0,"comment_status":"closed","ping_status":"open","template":"","meta":{"footnotes":""},"class_list":["post-2","page","type-page","status-publish","hentry"],"_links":{"self":[{"href":"https:\/\/core-vital.de\/index.php?rest_route=\/wp\/v2\/pages\/2","targetHints":{"allow":["GET"]}}],"collection":[{"href":"https:\/\/core-vital.de\/index.php?rest_route=\/wp\/v2\/pages"}],"about":[{"href":"https:\/\/core-vital.de\/index.php?rest_route=\/wp\/v2\/types\/page"}],"author":[{"embeddable":true,"href":"https:\/\/core-vital.de\/index.php?rest_route=\/wp\/v2\/users\/1"}],"replies":[{"embeddable":true,"href":"https:\/\/core-vital.de\/index.php?rest_route=%2Fwp%2Fv2%2Fcomments&post=2"}],"version-history":[{"count":10,"href":"https:\/\/core-vital.de\/index.php?rest_route=\/wp\/v2\/pages\/2\/revisions"}],"predecessor-version":[{"id":973,"href":"https:\/\/core-vital.de\/index.php?rest_route=\/wp\/v2\/pages\/2\/revisions\/973"}],"wp:attachment":[{"href":"https:\/\/core-vital.de\/index.php?rest_route=%2Fwp%2Fv2%2Fmedia&parent=2"}],"curies":[{"name":"wp","href":"https:\/\/api.w.org\/{rel}","templated":true}]}}